{"id":1032,"date":"2023-04-19T16:44:36","date_gmt":"2023-04-19T16:44:36","guid":{"rendered":"https:\/\/feministischerstreik-sg.ch\/?page_id=1032"},"modified":"2025-05-25T17:30:09","modified_gmt":"2025-05-25T17:30:09","slug":"mach-mit","status":"publish","type":"page","link":"https:\/\/feministischerstreik-sg.ch\/?page_id=1032","title":{"rendered":"Mach mit!"},"content":{"rendered":"\t\t<div data-elementor-type=\"wp-post\" data-elementor-id=\"1032\" class=\"elementor elementor-1032\">\n\t\t\t\t\t\t<section class=\"elementor-section elementor-top-section elementor-element elementor-element-0ed9e2f elementor-section-boxed elementor-section-height-default elementor-section-height-default\" data-id=\"0ed9e2f\" data-element_type=\"section\">\n\t\t\t\t\t\t<div class=\"elementor-container elementor-column-gap-extended\">\n\t\t\t\t\t<div class=\"elementor-column elementor-col-100 elementor-top-column elementor-element elementor-element-b33f5b7\" data-id=\"b33f5b7\" data-element_type=\"column\">\n\t\t\t<div class=\"elementor-widget-wrap\">\n\t\t\t\t\t\t\t<\/div>\n\t\t<\/div>\n\t\t\t\t\t<\/div>\n\t\t<\/section>\n\t\t\t\t<section class=\"elementor-section elementor-top-section elementor-element elementor-element-65391daa elementor-section-content-middle elementor-section-boxed elementor-section-height-default elementor-section-height-default\" data-id=\"65391daa\" data-element_type=\"section\">\n\t\t\t\t\t\t<div class=\"elementor-container elementor-column-gap-no\">\n\t\t\t\t\t<div class=\"elementor-column elementor-col-100 elementor-top-column elementor-element elementor-element-6005b728\" data-id=\"6005b728\" data-element_type=\"column\">\n\t\t\t<div class=\"elementor-widget-wrap elementor-element-populated\">\n\t\t\t\t\t\t<div class=\"elementor-element elementor-element-4a79546 elementor-widget elementor-widget-heading\" data-id=\"4a79546\" data-element_type=\"widget\" data-widget_type=\"heading.default\">\n\t\t\t\t<div class=\"elementor-widget-container\">\n\t\t\t\t\t<h2 class=\"elementor-heading-title elementor-size-default\">Helfer*innen gesucht - Melde dich!<\/h2>\t\t\t\t<\/div>\n\t\t\t\t<\/div>\n\t\t\t\t<div class=\"elementor-element elementor-element-c866e27 elementor-widget elementor-widget-text-editor\" data-id=\"c866e27\" data-element_type=\"widget\" data-widget_type=\"text-editor.default\">\n\t\t\t\t<div class=\"elementor-widget-container\">\n\t\t\t\t\t\t\t\t\t<p>M\u00f6chtest du den feministischen Streik aktiv unterst\u00fctzen, damit der 14. Juni ein voller Erfolg wird?\u00a0<br \/><span style=\"background-color: var(--nv-site-bg); color: var(--nv-text-color); font-family: Poppins, var(--nv-fallback-ff); letter-spacing: 0px;\">Dann schreib dich in eine Arbeitsgruppe ein, du wirst danach direkt kontaktiert und erh\u00e4ltst weitere Informationen.<\/span><\/p><p>Solidarische M\u00e4nner sind willkommen. (Bitte eher im Hintergrund aufhalten oder als Helfer engagieren)<\/p>\t\t\t\t\t\t\t\t<\/div>\n\t\t\t\t<\/div>\n\t\t\t\t<div class=\"elementor-element elementor-element-0d22d01 elementor-widget elementor-widget-button\" data-id=\"0d22d01\" data-element_type=\"widget\" data-widget_type=\"button.default\">\n\t\t\t\t<div class=\"elementor-widget-container\">\n\t\t\t\t\t\t\t\t\t<div class=\"elementor-button-wrapper\">\n\t\t\t\t\t<a class=\"elementor-button elementor-button-link elementor-size-lg\" href=\"mailto:info@feministischerstreik-sg.ch\" id=\"anmeldung helferin\">\n\t\t\t\t\t\t<span class=\"elementor-button-content-wrapper\">\n\t\t\t\t\t\t\t\t\t<span class=\"elementor-button-text\">Ich m\u00f6chte mich enagieren! Mail an info@feministischerstreik-sg.ch<\/span>\n\t\t\t\t\t<\/span>\n\t\t\t\t\t<\/a>\n\t\t\t\t<\/div>\n\t\t\t\t\t\t\t\t<\/div>\n\t\t\t\t<\/div>\n\t\t\t\t<div class=\"elementor-element elementor-element-ff40a73 elementor-widget elementor-widget-spacer\" data-id=\"ff40a73\" data-element_type=\"widget\" data-widget_type=\"spacer.default\">\n\t\t\t\t<div class=\"elementor-widget-container\">\n\t\t\t\t\t\t\t<div class=\"elementor-spacer\">\n\t\t\t<div class=\"elementor-spacer-inner\"><\/div>\n\t\t<\/div>\n\t\t\t\t\t\t<\/div>\n\t\t\t\t<\/div>\n\t\t\t\t<div class=\"elementor-element elementor-element-c8be3cc elementor-widget elementor-widget-heading\" data-id=\"c8be3cc\" data-element_type=\"widget\" data-widget_type=\"heading.default\">\n\t\t\t\t<div class=\"elementor-widget-container\">\n\t\t\t\t\t<h2 class=\"elementor-heading-title elementor-size-default\">Arbeitsgruppen im \u00dcberblick<\/h2>\t\t\t\t<\/div>\n\t\t\t\t<\/div>\n\t\t\t\t<div class=\"elementor-element elementor-element-966fe21 elementor-widget elementor-widget-text-editor\" data-id=\"966fe21\" data-element_type=\"widget\" data-widget_type=\"text-editor.default\">\n\t\t\t\t<div class=\"elementor-widget-container\">\n\t\t\t\t\t\t\t\t\t<div><b>AG Merchandise<\/b><\/div>\n<div>\n<p>Kleber, Fahnen, Bandanas- wir w\u00e4hlen verschiedene Werbeartikel aus und verkaufen sie dann auch. Zeit und Lust zum Beispiel am 1. Mai mit unseren Artikeln am Umzug teilzunehmen?<\/p>\n<\/div>\n<div><b><br><\/b><\/div>\n<div><b>AG Infostand<\/b><\/div>\n<div>Wir betreuen am Streiktag einen Infostand. Ab 11 Uhr wird Infomaterial aufgelegt und Merch (Fahnen, Caps, Buttons,..) verkauft.<br>Wer Zeit und Lust hat, kann sich bereits eintragen.<b><br><\/b><\/div>\n<div><b><br><\/b><\/div><div><b>AG Kommunikation<\/b><br>Wir k\u00fcmmern uns um alles, was nach aussen geht. Wir erarbeiten Slogans, Medienanfrage, Flyer, Plakate, Social Media u.v.m. &#8211; je nach Bedarf und Ressourcen.&nbsp;<\/div>\n<div>Du schreibst gerne und kannst Themen auf den Punkt bringen? Wir freuen uns, wenn du bei uns mithelfen willst!<\/div>\n<div>&nbsp;<\/div>\n<div><b>AG Transpimalen<\/b><\/div>\n<div>Unsere Gruppe organisiert das Transpimalen (vermutlich) in der Grabenhalle. Es gibt Sujetideen,Slogans,&nbsp; Schablonen, Pinsel und Farbe, Stoffe und Spass und Drinks an der Bar! Kommt alle! Infos folgen auf SoMe!<\/div>\n<div>&nbsp;<\/div>\n<div><b>AG Demo + Reden<br><\/b><\/div>\n<div>Wir planen die Route f\u00fcr die Demo, k\u00fcmmern uns um Bewilligung, laden RednerInnen ein und sorgen auch auf und hinter der B\u00fchne, dass alles klappt. Wenn du dich mit Technik ein wenig auskennst: Melde dich!<br><b><br><\/b><b>AG Party<\/b><\/div>\n<div>\n<p>In der Grabenhalle die Verk\u00f6stigung zu organisieren und die Band sowie DJs anzufragen ist unser Ding.<\/p>\n<div><b>&nbsp;<\/b><\/div>\n<div><b>AG Awareness<\/b><\/div>\n<div>Wir erarbeiten Verhaltensregeln f\u00fcr ein respektvolles Miteinander am Streiktag.<\/div>\n<\/div>\t\t\t\t\t\t\t\t<\/div>\n\t\t\t\t<\/div>\n\t\t\t\t\t<\/div>\n\t\t<\/div>\n\t\t\t\t\t<\/div>\n\t\t<\/section>\n\t\t\t\t<section class=\"elementor-section elementor-top-section elementor-element elementor-element-b800ab8 elementor-section-boxed elementor-section-height-default elementor-section-height-default\" data-id=\"b800ab8\" data-element_type=\"section\">\n\t\t\t\t\t\t<div class=\"elementor-container elementor-column-gap-default\">\n\t\t\t\t\t<div class=\"elementor-column elementor-col-33 elementor-top-column elementor-element elementor-element-66a118c\" data-id=\"66a118c\" data-element_type=\"column\">\n\t\t\t<div class=\"elementor-widget-wrap elementor-element-populated\">\n\t\t\t\t\t\t<div class=\"elementor-element elementor-element-5b791bd elementor-widget elementor-widget-image\" data-id=\"5b791bd\" data-element_type=\"widget\" data-widget_type=\"image.default\">\n\t\t\t\t<div class=\"elementor-widget-container\">\n\t\t\t\t\t\t\t\t\t\t\t\t\t\t\t<img fetchpriority=\"high\" decoding=\"async\" width=\"252\" height=\"300\" src=\"https:\/\/feministischerstreik-sg.ch\/wp-content\/uploads\/2025\/05\/AdobeStock_1076292850-252x300.png\" class=\"attachment-medium size-medium wp-image-3908\" alt=\"\" srcset=\"https:\/\/feministischerstreik-sg.ch\/wp-content\/uploads\/2025\/05\/AdobeStock_1076292850-252x300.png 252w, https:\/\/feministischerstreik-sg.ch\/wp-content\/uploads\/2025\/05\/AdobeStock_1076292850-862x1024.png 862w, https:\/\/feministischerstreik-sg.ch\/wp-content\/uploads\/2025\/05\/AdobeStock_1076292850-768x913.png 768w, https:\/\/feministischerstreik-sg.ch\/wp-content\/uploads\/2025\/05\/AdobeStock_1076292850-1292x1536.png 1292w, https:\/\/feministischerstreik-sg.ch\/wp-content\/uploads\/2025\/05\/AdobeStock_1076292850-1723x2048.png 1723w, https:\/\/feministischerstreik-sg.ch\/wp-content\/uploads\/2025\/05\/AdobeStock_1076292850.png 1900w\" sizes=\"(max-width: 252px) 100vw, 252px\" \/>\t\t\t\t\t\t\t\t\t\t\t\t\t\t\t<\/div>\n\t\t\t\t<\/div>\n\t\t\t\t\t<\/div>\n\t\t<\/div>\n\t\t\t\t<div class=\"elementor-column elementor-col-33 elementor-top-column elementor-element elementor-element-d3583cf\" data-id=\"d3583cf\" data-element_type=\"column\">\n\t\t\t<div class=\"elementor-widget-wrap elementor-element-populated\">\n\t\t\t\t\t\t<div class=\"elementor-element elementor-element-ec4ea0b elementor-widget elementor-widget-image\" data-id=\"ec4ea0b\" data-element_type=\"widget\" data-widget_type=\"image.default\">\n\t\t\t\t<div class=\"elementor-widget-container\">\n\t\t\t\t\t\t\t\t\t\t\t\t\t\t\t<img decoding=\"async\" width=\"1024\" height=\"1024\" src=\"https:\/\/feministischerstreik-sg.ch\/wp-content\/uploads\/2025\/05\/AdobeStock_1431957623-1024x1024.png\" class=\"attachment-large size-large wp-image-3786\" alt=\"\" srcset=\"https:\/\/feministischerstreik-sg.ch\/wp-content\/uploads\/2025\/05\/AdobeStock_1431957623-1024x1024.png 1024w, https:\/\/feministischerstreik-sg.ch\/wp-content\/uploads\/2025\/05\/AdobeStock_1431957623-300x300.png 300w, https:\/\/feministischerstreik-sg.ch\/wp-content\/uploads\/2025\/05\/AdobeStock_1431957623-150x150.png 150w, https:\/\/feministischerstreik-sg.ch\/wp-content\/uploads\/2025\/05\/AdobeStock_1431957623-768x768.png 768w, https:\/\/feministischerstreik-sg.ch\/wp-content\/uploads\/2025\/05\/AdobeStock_1431957623-1536x1536.png 1536w, https:\/\/feministischerstreik-sg.ch\/wp-content\/uploads\/2025\/05\/AdobeStock_1431957623.png 2000w\" sizes=\"(max-width: 1024px) 100vw, 1024px\" \/>\t\t\t\t\t\t\t\t\t\t\t\t\t\t\t<\/div>\n\t\t\t\t<\/div>\n\t\t\t\t\t<\/div>\n\t\t<\/div>\n\t\t\t\t<div class=\"elementor-column elementor-col-33 elementor-top-column elementor-element elementor-element-2781aef\" data-id=\"2781aef\" data-element_type=\"column\">\n\t\t\t<div class=\"elementor-widget-wrap\">\n\t\t\t\t\t\t\t<\/div>\n\t\t<\/div>\n\t\t\t\t\t<\/div>\n\t\t<\/section>\n\t\t\t\t<\/div>\n\t\t","protected":false},"excerpt":{"rendered":"<p>Helfer*innen gesucht &#8211; Melde dich! M\u00f6chtest du den feministischen Streik aktiv unterst\u00fctzen, damit der 14. Juni ein voller Erfolg wird?\u00a0Dann schreib dich in eine Arbeitsgruppe ein, du wirst danach direkt kontaktiert und erh\u00e4ltst weitere Informationen. Solidarische M\u00e4nner sind willkommen. (Bitte eher im Hintergrund aufhalten oder als Helfer engagieren) Ich m\u00f6chte mich enagieren! Mail an info@feministischerstreik-sg.ch&hellip;&nbsp;<a href=\"https:\/\/feministischerstreik-sg.ch\/?page_id=1032\" rel=\"bookmark\">Weiterlesen &raquo;<span class=\"screen-reader-text\">Mach mit!<\/span><\/a><\/p>\n","protected":false},"author":1,"featured_media":0,"parent":1042,"menu_order":0,"comment_status":"closed","ping_status":"closed","template":"elementor_header_footer","meta":{"neve_meta_sidebar":"","neve_meta_container":"","neve_meta_enable_content_width":"off","neve_meta_content_width":0,"neve_meta_title_alignment":"","neve_meta_author_avatar":"","neve_post_elements_order":"","neve_meta_disable_header":"","neve_meta_disable_footer":"","neve_meta_disable_title":"","footnotes":""},"class_list":["post-1032","page","type-page","status-publish","hentry"],"_links":{"self":[{"href":"https:\/\/feministischerstreik-sg.ch\/index.php?rest_route=\/wp\/v2\/pages\/1032","targetHints":{"allow":["GET"]}}],"collection":[{"href":"https:\/\/feministischerstreik-sg.ch\/index.php?rest_route=\/wp\/v2\/pages"}],"about":[{"href":"https:\/\/feministischerstreik-sg.ch\/index.php?rest_route=\/wp\/v2\/types\/page"}],"author":[{"embeddable":true,"href":"https:\/\/feministischerstreik-sg.ch\/index.php?rest_route=\/wp\/v2\/users\/1"}],"replies":[{"embeddable":true,"href":"https:\/\/feministischerstreik-sg.ch\/index.php?rest_route=%2Fwp%2Fv2%2Fcomments&post=1032"}],"version-history":[{"count":104,"href":"https:\/\/feministischerstreik-sg.ch\/index.php?rest_route=\/wp\/v2\/pages\/1032\/revisions"}],"predecessor-version":[{"id":4234,"href":"https:\/\/feministischerstreik-sg.ch\/index.php?rest_route=\/wp\/v2\/pages\/1032\/revisions\/4234"}],"up":[{"embeddable":true,"href":"https:\/\/feministischerstreik-sg.ch\/index.php?rest_route=\/wp\/v2\/pages\/1042"}],"wp:attachment":[{"href":"https:\/\/feministischerstreik-sg.ch\/index.php?rest_route=%2Fwp%2Fv2%2Fmedia&parent=1032"}],"curies":[{"name":"wp","href":"https:\/\/api.w.org\/{rel}","templated":true}]}}