{"id":6,"date":"2019-11-18T08:58:07","date_gmt":"2019-11-18T08:58:07","guid":{"rendered":"https:\/\/demosites.io\/blogger\/?page_id=6"},"modified":"2025-12-23T14:12:02","modified_gmt":"2025-12-23T14:12:02","slug":"d41d8-blogger-home","status":"publish","type":"page","link":"https:\/\/feministischerstreik-sg.ch\/","title":{"rendered":""},"content":{"rendered":"\t\t<div data-elementor-type=\"wp-post\" data-elementor-id=\"6\" class=\"elementor elementor-6\">\n\t\t\t\t\t\t<section class=\"elementor-section elementor-top-section elementor-element elementor-element-54d2379b elementor-section-boxed elementor-section-height-default elementor-section-height-default\" data-id=\"54d2379b\" data-element_type=\"section\">\n\t\t\t\t\t\t<div class=\"elementor-container elementor-column-gap-default\">\n\t\t\t\t\t<div class=\"elementor-column elementor-col-100 elementor-top-column elementor-element elementor-element-66289fcb\" data-id=\"66289fcb\" data-element_type=\"column\">\n\t\t\t<div class=\"elementor-widget-wrap elementor-element-populated\">\n\t\t\t\t\t\t<div class=\"elementor-element elementor-element-2bfc1bed elementor-widget elementor-widget-text-editor\" data-id=\"2bfc1bed\" data-element_type=\"widget\" data-widget_type=\"text-editor.default\">\n\t\t\t\t<div class=\"elementor-widget-container\">\n\t\t\t\t\t\t\t\t\t<a href=\"https:\/\/feministischerstreik-sg.ch\/?page_id=3356\">\n<img decoding=\"async\" title=\"UgoGrl\" src=\"https:\/\/feministischerstreik-sg.ch\/wp-content\/uploads\/elementor\/thumbs\/UgoGrl-r5cslld49f7vldalu6pzbfo5p0sn2xvlww9qsls2dc.png\" alt=\"UgoGrl\" \/> <\/a>\n<h2>16. Tage gegen Gewalt an Frauen<\/h2>\n<h3>25. November: Veranstaltung &#8222;Krieg &amp; Frieden&#8220; die Rolle von FINTAs in Friedensprozessen\n29. November: Demo &amp; Aktion gegen Gewalt an FINTAS<\/h3>\n<h3><a href=\"https:\/\/feministischerstreik-sg.ch\/?page_id=45\">&gt; Weitere Info<\/a><\/h3>\n<h2>1. OFFENES TREFFEN<\/h2>\n<h3><a href=\"https:\/\/feministischerstreik-sg.ch\/?page_id=1194\">Mach mit beim Feministischen Streik 2026!\nSonntag, 30.11.2025, 13:30hMilit\u00e4rkantine, Kreuzbleicheweg 2, St.Gallen<\/a><\/h3>\n<h3><a href=\"https:\/\/feministischerstreik-sg.ch\/?page_id=45\">&gt; Weitere Info<\/a><\/h3>\nSOLANGE\n\n\u2026das Patriarchat unser Leben diktiert,\n\n\u2026echte Gleichstellung keine Realit\u00e4t ist,\n\n\u2026Frauen weniger verdienen und im Alter weniger Rente haben,\n\n\u2026unbezahlte Care-Arbeit haupts\u00e4chlich Frauenarbeit ist,\n\n\u2026FLINTAQ*-Personen wegen ihrer Geschlechtsidentit\u00e4t oder sexueller Orientierung Gewalt erfahren,\n\n\u2026sexualisierte Gewalt allt\u00e4glich ist und als Kriegswaffe eingesetzt wird,\n\n\u2026Frauen und Queers mit Behinderung, Migrationsgeschichte oder als BIPoC mehrfach diskriminiert werden,\n\n\u2026Medizin und Gesundheitsversorung nicht gendergerecht und queersensibel sind,\n\n\u2026GEHEN WIR AM 14. JUNI AUF DIE STRASSE!\n\n<img decoding=\"async\" title=\"\" src=\"https:\/\/feministischerstreik-sg.ch\/wp-content\/uploads\/elementor\/thumbs\/AdobeStock_1334791117-r5aa4bb91k6essmzjvhwff38q0hgjwt2e69s540e80.png\" alt=\"\" \/>\n<h3><a href=\"https:\/\/feministischerstreik-sg.ch\/?page_id=3356\">\n-&gt; Kreiere deinen eigenen Satz.\u00a0JETZT mitmachen bei der Solange-Kampagne!\n<\/a><\/h3>\n<a href=\"https:\/\/feministischerstreik-sg.ch\/?page_id=3356\">\n<img fetchpriority=\"high\" decoding=\"async\" src=\"https:\/\/feministischerstreik-sg.ch\/wp-content\/uploads\/2025\/05\/satz1-300x300.png\" sizes=\"(max-width: 300px) 100vw, 300px\" srcset=\"https:\/\/feministischerstreik-sg.ch\/wp-content\/uploads\/2025\/05\/satz1-300x300.png 300w, https:\/\/feministischerstreik-sg.ch\/wp-content\/uploads\/2025\/05\/satz1-1024x1024.png 1024w, https:\/\/feministischerstreik-sg.ch\/wp-content\/uploads\/2025\/05\/satz1-150x150.png 150w, https:\/\/feministischerstreik-sg.ch\/wp-content\/uploads\/2025\/05\/satz1-768x768.png 768w, https:\/\/feministischerstreik-sg.ch\/wp-content\/uploads\/2025\/05\/satz1-1536x1536.png 1536w, https:\/\/feministischerstreik-sg.ch\/wp-content\/uploads\/2025\/05\/satz1.png 1620w\" alt=\"T\u00e4ter gesch\u00fctzt werden\" width=\"300\" height=\"300\" \/> <\/a>\n<a href=\"https:\/\/feministischerstreik-sg.ch\/?page_id=3356\">\n<img decoding=\"async\" src=\"https:\/\/feministischerstreik-sg.ch\/wp-content\/uploads\/2025\/05\/satz2-300x300.png\" sizes=\"(max-width: 300px) 100vw, 300px\" srcset=\"https:\/\/feministischerstreik-sg.ch\/wp-content\/uploads\/2025\/05\/satz2-300x300.png 300w, https:\/\/feministischerstreik-sg.ch\/wp-content\/uploads\/2025\/05\/satz2-1024x1024.png 1024w, https:\/\/feministischerstreik-sg.ch\/wp-content\/uploads\/2025\/05\/satz2-150x150.png 150w, https:\/\/feministischerstreik-sg.ch\/wp-content\/uploads\/2025\/05\/satz2-768x768.png 768w, https:\/\/feministischerstreik-sg.ch\/wp-content\/uploads\/2025\/05\/satz2-1536x1536.png 1536w, https:\/\/feministischerstreik-sg.ch\/wp-content\/uploads\/2025\/05\/satz2.png 1620w\" alt=\"mehr Christians als Frauen CEOs sind\" width=\"300\" height=\"300\" \/> <\/a>\n<a href=\"https:\/\/feministischerstreik-sg.ch\/?page_id=3356\">\n<img decoding=\"async\" src=\"https:\/\/feministischerstreik-sg.ch\/wp-content\/uploads\/2025\/05\/satz3-300x300.png\" sizes=\"(max-width: 300px) 100vw, 300px\" srcset=\"https:\/\/feministischerstreik-sg.ch\/wp-content\/uploads\/2025\/05\/satz3-300x300.png 300w, https:\/\/feministischerstreik-sg.ch\/wp-content\/uploads\/2025\/05\/satz3-1024x1024.png 1024w, https:\/\/feministischerstreik-sg.ch\/wp-content\/uploads\/2025\/05\/satz3-150x150.png 150w, https:\/\/feministischerstreik-sg.ch\/wp-content\/uploads\/2025\/05\/satz3-768x768.png 768w, https:\/\/feministischerstreik-sg.ch\/wp-content\/uploads\/2025\/05\/satz3-1536x1536.png 1536w, https:\/\/feministischerstreik-sg.ch\/wp-content\/uploads\/2025\/05\/satz3.png 1620w\" alt=\"die gl\u00e4serne Decke nicht zerschlagen ist\" width=\"300\" height=\"300\" \/> <\/a>\n\nUnsere patriarchal gepr\u00e4gte Gesellschaft benachteiligt noch immer Frauen, Lesben, intersexuelle, nicht-bin\u00e4re, trans, agender und genderqueere Personen (FLINTAQ*) in diversen Bereichen.\n\nVon der Wirtschaft \u00fcber die Politik bis ins Privatleben: FLINTAQ*-Personen leisten mehr unbezahlte Care-Arbeit, bekommen tiefere L\u00f6hne und weniger Renten, erleben Diskriminierungen, Bevormundungen, Bel\u00e4stigungen und Gewalt.\n\nDas muss sich endlich \u00e4ndern!\n\n<img decoding=\"async\" title=\"\" src=\"https:\/\/feministischerstreik-sg.ch\/wp-content\/uploads\/elementor\/thumbs\/AdobeStock_1385178517-r5acmnktwbtnypegitad9yn3ifj5fthk9391l29ssg.png\" alt=\"\" \/>\n<img loading=\"lazy\" decoding=\"async\" src=\"https:\/\/feministischerstreik-sg.ch\/wp-content\/uploads\/2024\/05\/cropped-femstreik_logo-150x150.png\" sizes=\"(max-width: 150px) 100vw, 150px\" srcset=\"https:\/\/feministischerstreik-sg.ch\/wp-content\/uploads\/2024\/05\/cropped-femstreik_logo-150x150.png 150w, https:\/\/feministischerstreik-sg.ch\/wp-content\/uploads\/2024\/05\/cropped-femstreik_logo-300x300.png 300w, https:\/\/feministischerstreik-sg.ch\/wp-content\/uploads\/2024\/05\/cropped-femstreik_logo-1024x1024.png 1024w, https:\/\/feministischerstreik-sg.ch\/wp-content\/uploads\/2024\/05\/cropped-femstreik_logo-768x768.png 768w, https:\/\/feministischerstreik-sg.ch\/wp-content\/uploads\/2024\/05\/cropped-femstreik_logo.png 1111w\" alt=\"\" width=\"150\" height=\"150\" \/>\n\ninformiert bleiben\n<h2>NEWSLETTER<\/h2>\n<a href=\"https:\/\/feministischerstreik-sg.ch\/?page_id=492\">\njetzt anmelden\n<\/a>\n<h3>Spenden per Twint oder Bank\u00fcberweisung<\/h3>\n<a href=\"https:\/\/pay.raisenow.io\/kyyqp\">\nMit Twint spenden\n<\/a>\n\n<strong>Feministischer* Streik St. Gallen<\/strong>\n\n<b>IBAN: CH07 0690 0064 8244 1000 8\n<\/b>\n\nHerzlichen Dank f\u00fcr deine Unterst\u00fctzung!\n\n<a href=\"https:\/\/pay.raisenow.io\/kyyqp\">\n<img loading=\"lazy\" decoding=\"async\" src=\"https:\/\/feministischerstreik-sg.ch\/wp-content\/uploads\/2023\/05\/QR-code-Feministischer-Streik-1-300x300.png\" sizes=\"(max-width: 300px) 100vw, 300px\" srcset=\"https:\/\/feministischerstreik-sg.ch\/wp-content\/uploads\/2023\/05\/QR-code-Feministischer-Streik-1-300x300.png 300w, https:\/\/feministischerstreik-sg.ch\/wp-content\/uploads\/2023\/05\/QR-code-Feministischer-Streik-1-150x150.png 150w, https:\/\/feministischerstreik-sg.ch\/wp-content\/uploads\/2023\/05\/QR-code-Feministischer-Streik-1.png 693w\" alt=\"\" width=\"300\" height=\"300\" \/> <\/a>\n<h2>Folge uns<\/h2>\n<a href=\"https:\/\/www.instagram.com\/feministischerstreik_sg\/\" target=\"_blank\" rel=\"noopener\">\nInstagram\n<\/a>\n<a href=\"https:\/\/www.facebook.com\/frauenstreikSG\" target=\"_blank\" rel=\"noopener\">\nFacebook\n<\/a>\t\t\t\t\t\t\t\t<\/div>\n\t\t\t\t<\/div>\n\t\t\t\t\t<\/div>\n\t\t<\/div>\n\t\t\t\t\t<\/div>\n\t\t<\/section>\n\t\t\t\t<\/div>\n\t\t","protected":false},"excerpt":{"rendered":"<p>16. Tage gegen Gewalt an Frauen 25. November: Veranstaltung &#8222;Krieg &amp; Frieden&#8220; die Rolle von FINTAs in Friedensprozessen 29. November: Demo &amp; Aktion gegen Gewalt an FINTAS &gt; Weitere Info 1. OFFENES TREFFEN Mach mit beim Feministischen Streik 2026! Sonntag, 30.11.2025, 13:30hMilit\u00e4rkantine, Kreuzbleicheweg 2, St.Gallen &gt; Weitere Info SOLANGE \u2026das Patriarchat unser Leben diktiert, \u2026echte&hellip;&nbsp;<a href=\"https:\/\/feministischerstreik-sg.ch\/\" rel=\"bookmark\">Weiterlesen &raquo;<span class=\"screen-reader-text\"><\/span><\/a><\/p>\n","protected":false},"author":1,"featured_media":0,"parent":0,"menu_order":0,"comment_status":"closed","ping_status":"closed","template":"","meta":{"neve_meta_sidebar":"full-width","neve_meta_container":"contained","neve_meta_enable_content_width":"on","neve_meta_content_width":100,"neve_meta_title_alignment":"left","neve_meta_author_avatar":"","neve_post_elements_order":"","neve_meta_disable_header":"","neve_meta_disable_footer":"","neve_meta_disable_title":"","footnotes":""},"class_list":["post-6","page","type-page","status-publish","hentry"],"_links":{"self":[{"href":"https:\/\/feministischerstreik-sg.ch\/index.php?rest_route=\/wp\/v2\/pages\/6","targetHints":{"allow":["GET"]}}],"collection":[{"href":"https:\/\/feministischerstreik-sg.ch\/index.php?rest_route=\/wp\/v2\/pages"}],"about":[{"href":"https:\/\/feministischerstreik-sg.ch\/index.php?rest_route=\/wp\/v2\/types\/page"}],"author":[{"embeddable":true,"href":"https:\/\/feministischerstreik-sg.ch\/index.php?rest_route=\/wp\/v2\/users\/1"}],"replies":[{"embeddable":true,"href":"https:\/\/feministischerstreik-sg.ch\/index.php?rest_route=%2Fwp%2Fv2%2Fcomments&post=6"}],"version-history":[{"count":1523,"href":"https:\/\/feministischerstreik-sg.ch\/index.php?rest_route=\/wp\/v2\/pages\/6\/revisions"}],"predecessor-version":[{"id":4669,"href":"https:\/\/feministischerstreik-sg.ch\/index.php?rest_route=\/wp\/v2\/pages\/6\/revisions\/4669"}],"wp:attachment":[{"href":"https:\/\/feministischerstreik-sg.ch\/index.php?rest_route=%2Fwp%2Fv2%2Fmedia&parent=6"}],"curies":[{"name":"wp","href":"https:\/\/api.w.org\/{rel}","templated":true}]}}